{"id":8164,"date":"2026-03-24T04:58:06","date_gmt":"2026-03-24T04:58:06","guid":{"rendered":"https:\/\/evolulink.com\/?page_id=8164"},"modified":"2026-04-02T02:05:05","modified_gmt":"2026-04-02T02:05:05","slug":"condiciones","status":"publish","type":"page","link":"https:\/\/evolulink.com\/es\/condiciones\/","title":{"rendered":"Condiciones generales"},"content":{"rendered":"<p><\/p>\n\n\n\n<blockquote class=\"wp-block-quote is-layout-flow wp-block-quote-is-layout-flow\">\n<p><\/p>\n<\/blockquote>\n\n\n\n<hr class=\"wp-block-separator has-alpha-channel-opacity\"\/>\n\n\n\n<h2 class=\"wp-block-heading\">Condiciones generales<\/h2>\n\n\n\n<p><strong>\u00daltima actualizaci\u00f3n:<\/strong> 02\/04\/2026<\/p>\n\n\n\n<p>Las presentes Condiciones Generales (\u201c<strong>T\u00e9rminos<\/strong>\u201d) regulan su acceso y uso del sitio web en <strong>https:\/\/evolulink.com<\/strong> y todos los servicios, contenidos, productos y funciones relacionados (colectivamente, el \u201c<strong>Servicios<\/strong>\u201d) proporcionada por <strong>Evolulink<\/strong> (\u201c<strong>Evolulink<\/strong>,\u201d \u201c<strong>nosotros<\/strong>,\u201d \u201c<strong>us<\/strong>,o \u201d<strong>nuestra<\/strong>\u201d).<\/p>\n\n\n\n<p>Al acceder o utilizar los Servicios, usted acepta quedar vinculado por estas Condiciones. Si no est\u00e1 de acuerdo, no utilice los Servicios.<\/p>\n\n\n\n<h3 class=\"wp-block-heading\">1) Requisitos y aceptaci\u00f3n<\/h3>\n\n\n\n<p>Debe tener al menos <strong>18 a\u00f1os de edad<\/strong> (o la mayor\u00eda de edad legal en su jurisdicci\u00f3n) para utilizar los Servicios.<br>Si utiliza los Servicios en nombre de una empresa u organizaci\u00f3n, declara que tiene autoridad para vincular a dicha entidad.<\/p>\n\n\n\n<h3 class=\"wp-block-heading\">2) Registro y seguridad de la cuenta<\/h3>\n\n\n\n<p>Si creas una cuenta:<\/p>\n\n\n\n<ul class=\"wp-block-list\">\n<li>Debe facilitar informaci\u00f3n exacta, actual y completa.<\/li>\n\n\n\n<li>Usted es responsable de mantener la confidencialidad de sus credenciales de acceso.<\/li>\n\n\n\n<li>Usted es responsable de todas las actividades que se realicen en su cuenta.<\/li>\n\n\n\n<li>Debe notificarnos inmediatamente cualquier acceso no autorizado o violaci\u00f3n de la seguridad.<\/li>\n<\/ul>\n\n\n\n<p>Podemos suspender o cancelar las cuentas que infrinjan estas Condiciones o supongan un riesgo para la seguridad o la legalidad.<\/p>\n\n\n\n<h3 class=\"wp-block-heading\">3) Usos permitidos y prohibidos<\/h3>\n\n\n\n<p>Usted se compromete a utilizar los Servicios \u00fanicamente con fines l\u00edcitos. Usted no debe:<\/p>\n\n\n\n<ul class=\"wp-block-list\">\n<li>Violar cualquier ley o reglamento aplicable.<\/li>\n\n\n\n<li>Cargar\/transmitir c\u00f3digo malicioso, malware o contenido da\u00f1ino.<\/li>\n\n\n\n<li>Intentar acceder sin autorizaci\u00f3n a sistemas, cuentas o datos.<\/li>\n\n\n\n<li>Interferir en el rendimiento, la integridad o la seguridad de los Servicios.<\/li>\n\n\n\n<li>Raspar, aplicar ingenier\u00eda inversa o utilizar medios automatizados para acceder a los Servicios sin autorizaci\u00f3n.<\/li>\n\n\n\n<li>Infrinja la propiedad intelectual, la privacidad u otros derechos.<\/li>\n<\/ul>\n\n\n\n<p><\/p>\n\n\n\n<h3 class=\"wp-block-heading\">4) Compras, tasas y pagos<\/h3>\n\n\n\n<p>Si los Servicios incluyen ofertas de pago:<\/p>\n\n\n\n<ul class=\"wp-block-list\">\n<li>Los precios y las condiciones de facturaci\u00f3n se muestran al realizar el pago.<\/li>\n\n\n\n<li>Usted nos autoriza (y a nuestros procesadores de pagos) a cobrar las tasas, impuestos y cargos recurrentes aplicables (si se trata de una suscripci\u00f3n).<\/li>\n\n\n\n<li>Las comisiones bancarias o del proveedor de servicios de pago corren por su cuenta.<\/li>\n\n\n\n<li>Podemos cambiar los precios de forma prospectiva; los cambios no afectan retroactivamente a las compras realizadas.<\/li>\n<\/ul>\n\n\n\n<h3 class=\"wp-block-heading\">5) Reembolsos y anulaciones<\/h3>\n\n\n\n<p>Las condiciones de reembolso y anulaci\u00f3n se rigen por las normas publicadas en nuestra web. <strong>Pol\u00edtica de reembolso<\/strong> (en su caso).<br>A menos que lo exija la ley o se indique expl\u00edcitamente por escrito, los productos\/servicios digitales pueden no ser reembolsables una vez que se haya accedido a ellos o se hayan entregado.<\/p>\n\n\n\n<h3 class=\"wp-block-heading\">6) Derechos de propiedad intelectual<\/h3>\n\n\n\n<p>Todos los contenidos y materiales del sitio web (incluidos textos, gr\u00e1ficos, marcas, software, v\u00eddeos y recursos descargables) son propiedad de Evolulink o de sus licenciantes y est\u00e1n protegidos por las leyes de propiedad intelectual aplicables.<\/p>\n\n\n\n<p>Salvo en los casos expresamente permitidos, no podr\u00e1 copiar, reproducir, distribuir, modificar, vender, conceder licencias, exponer p\u00fablicamente o crear obras derivadas de nuestros contenidos.<\/p>\n\n\n\n<h3 class=\"wp-block-heading\">7) Contenido del usuario y licencia<\/h3>\n\n\n\n<p>Si env\u00eda\/carga contenidos (\u201c<strong>Contenido del usuario<\/strong>\u201d):<\/p>\n\n\n\n<ul class=\"wp-block-list\">\n<li>Usted conserva la propiedad de su Contenido de Usuario.<\/li>\n\n\n\n<li>Usted nos otorga una licencia mundial, no exclusiva, libre de regal\u00edas y sublicenciable para alojar, almacenar, reproducir, mostrar y distribuir el Contenido de Usuario \u00fanicamente para operar, mejorar y proporcionar los Servicios.<\/li>\n\n\n\n<li>Usted declara que tiene todos los derechos necesarios para enviar Contenido del usuario y que no infringe la ley ni los derechos de terceros.<\/li>\n<\/ul>\n\n\n\n<p>Podemos eliminar el Contenido de Usuario que infrinja estas Condiciones o la legislaci\u00f3n aplicable.<\/p>\n\n\n\n<h3 class=\"wp-block-heading\">8) Descargo de responsabilidad educativo\/informativo<\/h3>\n\n\n\n<p>A menos que se indique expl\u00edcitamente lo contrario, los contenidos proporcionados a trav\u00e9s de los Servicios son para <strong>\u00fanicamente con fines educativos e informativos<\/strong> y no constituye asesoramiento profesional jur\u00eddico, financiero, fiscal, m\u00e9dico o de otro tipo regulado.<br>Usted es el \u00fanico responsable de sus decisiones y resultados.<\/p>\n\n\n\n<h3 class=\"wp-block-heading\">9) Servicios y enlaces de terceros<\/h3>\n\n\n\n<p>Los Servicios pueden contener enlaces\/integraciones a sitios o herramientas de terceros. No controlamos ni somos responsables de los contenidos, pol\u00edticas, productos o pr\u00e1cticas de terceros.<\/p>\n\n\n\n<h3 class=\"wp-block-heading\">10) Privacidad y protecci\u00f3n de datos<\/h3>\n\n\n\n<p>Su uso de los Servicios tambi\u00e9n est\u00e1 sujeto a nuestra <strong>Pol\u00edtica de privacidad<\/strong>, que explica c\u00f3mo recopilamos, utilizamos y protegemos los datos personales.<\/p>\n\n\n\n<h3 class=\"wp-block-heading\">11) Disponibilidad del servicio y cambios<\/h3>\n\n\n\n<p>Podemos modificar, suspender o interrumpir cualquier parte de los Servicios en cualquier momento, con o sin previo aviso.<br>No garantizamos un funcionamiento ininterrumpido, seguro y sin errores.<\/p>\n\n\n\n<h3 class=\"wp-block-heading\">12) Exclusi\u00f3n de garant\u00edas<\/h3>\n\n\n\n<p>En la medida en que la ley lo permita, los Servicios se prestan \u201c<strong>tal cual<\/strong>\u201d y \u201c<strong>seg\u00fan disponibilidad<\/strong>\u201d sin garant\u00edas de ning\u00fan tipo, expresas o impl\u00edcitas, incluidas las de comerciabilidad, idoneidad para un fin determinado y no infracci\u00f3n.<\/p>\n\n\n\n<h3 class=\"wp-block-heading\">13) Limitaci\u00f3n de responsabilidad<\/h3>\n\n\n\n<p>En la m\u00e1xima medida permitida por la ley, Evolulink y sus directivos, empleados, socios y afiliados no ser\u00e1n responsables de ning\u00fan da\u00f1o indirecto, incidental, especial, consecuencial, ejemplar o punitivo, incluida la p\u00e9rdida de beneficios, datos, fondo de comercio o interrupci\u00f3n de la actividad empresarial.<\/p>\n\n\n\n<p>Cuando la responsabilidad no pueda excluirse, nuestra responsabilidad total derivada de los Servicios o relacionada con los mismos no superar\u00e1 el importe que usted nos abon\u00f3 (en su caso) en concepto de <strong>12 meses<\/strong> anterior a la reclamaci\u00f3n.<\/p>\n\n\n\n<h3 class=\"wp-block-heading\">14) Indemnizaci\u00f3n<\/h3>\n\n\n\n<p>Usted se compromete a indemnizar, defender y eximir a Evolulink y sus filiales de las reclamaciones, responsabilidades, da\u00f1os, p\u00e9rdidas y gastos (incluidos los honorarios razonables de abogados) derivados de:<\/p>\n\n\n\n<ul class=\"wp-block-list\">\n<li>Su uso o mal uso de los Servicios,<\/li>\n\n\n\n<li>Su violaci\u00f3n de estas Condiciones, o<\/li>\n\n\n\n<li>Su violaci\u00f3n de los derechos de terceros o de la legislaci\u00f3n aplicable.<\/li>\n<\/ul>\n\n\n\n<h3 class=\"wp-block-heading\">15) Cese<\/h3>\n\n\n\n<p>Podemos suspender o cancelar su acceso inmediatamente si incumple estas Condiciones, o cuando sea necesario por motivos legales, de seguridad u operativos.<br>En caso de rescisi\u00f3n, su derecho a utilizar los Servicios cesar\u00e1 inmediatamente.<\/p>\n\n\n\n<h3 class=\"wp-block-heading\">16) Ley aplicable y resoluci\u00f3n de litigios<\/h3>\n\n\n\n<p>Estas Condiciones se rigen por las leyes de <strong>Emiratos \u00c1rabes Unidos (EAU)<\/strong>, sin tener en cuenta las normas de conflicto de leyes.<br>Cualquier disputa que surja de o est\u00e9 relacionada con estas Condiciones estar\u00e1 sujeta a la jurisdicci\u00f3n exclusiva de los tribunales competentes de los EAU, a menos que la ley obligatoria exija lo contrario.<\/p>\n\n\n\n<h3 class=\"wp-block-heading\">17) Modificaci\u00f3n de las condiciones<\/h3>\n\n\n\n<p>Podemos actualizar estas Condiciones de vez en cuando. Las Condiciones actualizadas entrar\u00e1n en vigor en el momento de su publicaci\u00f3n, salvo que se indique lo contrario.<br>Su uso continuado de los Servicios despu\u00e9s de las actualizaciones constituye la aceptaci\u00f3n de las Condiciones revisadas.<\/p>\n\n\n\n<h3 class=\"wp-block-heading\">18) Divisibilidad y renuncia<\/h3>\n\n\n\n<p>Si alguna disposici\u00f3n de estas Condiciones se considera inv\u00e1lida o inaplicable, las disposiciones restantes permanecer\u00e1n en pleno vigor y efecto.<br>La no aplicaci\u00f3n de una disposici\u00f3n no constituye una renuncia a la misma.<\/p>\n\n\n\n<h3 class=\"wp-block-heading\">19) Acuerdo completo<\/h3>\n\n\n\n<p>Estos T\u00e9rminos, junto con nuestra Pol\u00edtica de Privacidad y cualquier pol\u00edtica referenciada, constituyen el acuerdo completo entre usted y Evolulink en relaci\u00f3n con los Servicios.<\/p>\n\n\n\n<h3 class=\"wp-block-heading\">20) Contacto<\/h3>\n\n\n\n<p><strong>Evolulink<\/strong><br>Correo electr\u00f3nico: <strong>contact@evolulink.com<\/strong><\/p>\n\n\n\n<p>Al utilizar Evolulink, confirma que ha le\u00eddo, entendido y aceptado estas Condiciones.<\/p>\n\n\n\n<hr class=\"wp-block-separator has-alpha-channel-opacity\"\/>\n\n\n\n<p><\/p>","protected":false},"excerpt":{"rendered":"<p>Terms and Conditions Last Updated: 02\/04\/2026 These Terms and Conditions (\u201cTerms\u201d) govern your access to and use of the website at https:\/\/evolulink.com and all related services, content, products, and features (collectively, the \u201cServices\u201d) provided by Evolulink (\u201cEvolulink,\u201d \u201cwe,\u201d \u201cus,\u201d or \u201cour\u201d). By accessing or using the Services, you agree to be bound by these Terms. [&hellip;]<\/p>\n","protected":false},"author":1,"featured_media":0,"parent":0,"menu_order":0,"comment_status":"closed","ping_status":"closed","template":"","meta":{"_monsterinsights_skip_tracking":false,"_monsterinsights_sitenote_active":false,"_monsterinsights_sitenote_note":"","_monsterinsights_sitenote_category":0,"footnotes":""},"class_list":["post-8164","page","type-page","status-publish","hentry"],"jetpack_sharing_enabled":true,"_links":{"self":[{"href":"https:\/\/evolulink.com\/es\/wp-json\/wp\/v2\/pages\/8164","targetHints":{"allow":["GET"]}}],"collection":[{"href":"https:\/\/evolulink.com\/es\/wp-json\/wp\/v2\/pages"}],"about":[{"href":"https:\/\/evolulink.com\/es\/wp-json\/wp\/v2\/types\/page"}],"author":[{"embeddable":true,"href":"https:\/\/evolulink.com\/es\/wp-json\/wp\/v2\/users\/1"}],"replies":[{"embeddable":true,"href":"https:\/\/evolulink.com\/es\/wp-json\/wp\/v2\/comments?post=8164"}],"version-history":[{"count":2,"href":"https:\/\/evolulink.com\/es\/wp-json\/wp\/v2\/pages\/8164\/revisions"}],"predecessor-version":[{"id":8187,"href":"https:\/\/evolulink.com\/es\/wp-json\/wp\/v2\/pages\/8164\/revisions\/8187"}],"wp:attachment":[{"href":"https:\/\/evolulink.com\/es\/wp-json\/wp\/v2\/media?parent=8164"}],"curies":[{"name":"wp","href":"https:\/\/api.w.org\/{rel}","templated":true}]}}