{"id":3127,"date":"2025-01-12T17:15:15","date_gmt":"2025-01-12T17:15:15","guid":{"rendered":"https:\/\/evolulink.com\/affiliate-area\/"},"modified":"2026-03-24T08:15:46","modified_gmt":"2026-03-24T08:15:46","slug":"zone-daffiliation","status":"publish","type":"page","link":"https:\/\/evolulink.com\/fr\/zone-daffiliation\/","title":{"rendered":"Espace Partenaire"},"content":{"rendered":"<p class=\"affwp-notice\">Vous n'\u00eates pas autoris\u00e9 \u00e0 consulter cette page. S'il vous pla\u00eet <a href=\"https:\/\/evolulink.com\/fr\/login-affilie\/\">se connecter<\/a> et r\u00e9essayer.<\/p>","protected":false},"excerpt":{"rendered":"","protected":false},"author":1,"featured_media":0,"parent":0,"menu_order":0,"comment_status":"closed","ping_status":"closed","template":"","meta":{"_monsterinsights_skip_tracking":false,"_monsterinsights_sitenote_active":false,"_monsterinsights_sitenote_note":"","_monsterinsights_sitenote_category":0,"footnotes":""},"class_list":["post-3127","page","type-page","status-publish","hentry"],"jetpack_sharing_enabled":true,"_links":{"self":[{"href":"https:\/\/evolulink.com\/fr\/wp-json\/wp\/v2\/pages\/3127","targetHints":{"allow":["GET"]}}],"collection":[{"href":"https:\/\/evolulink.com\/fr\/wp-json\/wp\/v2\/pages"}],"about":[{"href":"https:\/\/evolulink.com\/fr\/wp-json\/wp\/v2\/types\/page"}],"author":[{"embeddable":true,"href":"https:\/\/evolulink.com\/fr\/wp-json\/wp\/v2\/users\/1"}],"replies":[{"embeddable":true,"href":"https:\/\/evolulink.com\/fr\/wp-json\/wp\/v2\/comments?post=3127"}],"version-history":[{"count":1,"href":"https:\/\/evolulink.com\/fr\/wp-json\/wp\/v2\/pages\/3127\/revisions"}],"predecessor-version":[{"id":8173,"href":"https:\/\/evolulink.com\/fr\/wp-json\/wp\/v2\/pages\/3127\/revisions\/8173"}],"wp:attachment":[{"href":"https:\/\/evolulink.com\/fr\/wp-json\/wp\/v2\/media?parent=3127"}],"curies":[{"name":"wp","href":"https:\/\/api.w.org\/{rel}","templated":true}]}}