{"id":4059,"date":"2025-03-14T22:59:45","date_gmt":"2025-03-14T22:59:45","guid":{"rendered":"https:\/\/evolulink.com\/?page_id=4059"},"modified":"2025-03-14T22:59:51","modified_gmt":"2025-03-14T22:59:51","slug":"conditions-dutilisation-des-affilies","status":"publish","type":"page","link":"https:\/\/evolulink.com\/fr\/conditions-dutilisation-des-affilies\/","title":{"rendered":"Conditions d'utilisation du programme d'affiliation"},"content":{"rendered":"<p>En tant qu'affili\u00e9 autoris\u00e9 (affili\u00e9) d'EvoluLink, vous acceptez de respecter les termes et conditions contenus dans le pr\u00e9sent contrat (contrat). Veuillez lire attentivement l'int\u00e9gralit\u00e9 du Contrat avant de vous inscrire et de promouvoir EvoluLink en tant qu'affili\u00e9.<\/p>\n\t\n\n\t\n\t\t<p>Votre participation au programme consiste uniquement \u00e0 faire de la publicit\u00e9 l\u00e9gale pour notre site web afin de recevoir une commission sur les adh\u00e9sions et les produits achet\u00e9s par les personnes r\u00e9f\u00e9r\u00e9es \u00e0 EvoluLink par votre propre site web ou par des r\u00e9f\u00e9rences personnelles.<\/p>\n\t\n\n\t\n\t\t<p>En vous inscrivant au programme d'affiliation d'EvoluLink (le programme), vous indiquez que vous acceptez le pr\u00e9sent contrat et ses conditions g\u00e9n\u00e9rales.<\/p>\n\t\n\n\t\n\t<h2 class=\"wp-block-heading\" id=\"approval-or-rejection\">Approbation ou rejet de la demande<\/h2>\n\t\n\n\t\n\t<p>Nous nous r\u00e9servons le droit d'approuver ou de rejeter TOUTE demande de programme d'affiliation \u00e0 notre seule et enti\u00e8re discr\u00e9tion. Vous n'aurez aucun recours l\u00e9gal contre nous en cas de rejet de votre demande de programme d'affiliation.<\/p>\n\t\n\n\t\n\t<h2 class=\"wp-block-heading\" id=\"commissions\">Commissions<\/h2>\n\t\n\n\t\n\t<p>Les commissions seront pay\u00e9es une fois par mois. Pour qu'un affili\u00e9 re\u00e7oive une commission, le compte r\u00e9f\u00e9renc\u00e9 doit rester actif pendant au moins 31 jours.<\/p>\n\t\n\n\t\n\t<p>Vous ne pouvez pas vous recommander vous-m\u00eame et vous ne recevrez pas de commission sur vos propres comptes.<\/p>\n\t\n\n\t\n\t<p>Les paiements ne seront envoy\u00e9s que pour les transactions qui ont \u00e9t\u00e9 effectu\u00e9es avec succ\u00e8s. Les transactions qui donnent lieu \u00e0 des r\u00e9trocessions ou \u00e0 des remboursements ne seront pas pay\u00e9es.<\/p>\n\t\n\n\t\n\t<h2 class=\"wp-block-heading\" id=\"termination\">Cessation d'activit\u00e9<\/h2>\n\t\n\n\t\n\t<p>Votre candidature d'affili\u00e9 et votre statut dans le programme peuvent \u00eatre suspendus ou r\u00e9sili\u00e9s pour l'une des raisons suivantes :<\/p>\n\t\n\n\t\n\t<ul class=\"wp-block-list\">\n\t\t<li>les publicit\u00e9s inappropri\u00e9es (fausses all\u00e9gations, liens hypertextes trompeurs, etc.).<\/li>\n\t\t<li>le pollupostage (envoi massif de courriels, de messages sur les groupes de discussion, etc.).<\/li>\n\t\t<li>La publicit\u00e9 sur des sites contenant ou promouvant des activit\u00e9s ill\u00e9gales.<\/li>\n\t\t<li>Absence de divulgation de la relation d'affiliation pour toute promotion qualifi\u00e9e d'approbation en vertu des lignes directrices et r\u00e9glementations existantes de la Federal Trade Commission ou de toute loi nationale applicable.<\/li>\n\t\t\t\t<li>Violation des droits de propri\u00e9t\u00e9 intellectuelle. EvoluLink se r\u00e9serve le droit d'exiger des accords de licence de la part de ceux qui utilisent des marques commerciales d'EvoluLink afin de prot\u00e9ger ses droits de propri\u00e9t\u00e9 intellectuelle.<\/li>\n\t\t\t\t<li>Offrir des rabais, des coupons ou toute autre forme de r\u00e9trocession promise sur votre commission d'affili\u00e9 \u00e0 titre d'incitation. En revanche, il est acceptable d'ajouter des bonus ou d'associer d'autres produits \u00e0 EvoluLink.<\/li>\n\t\t<li>Auto-recommandations, transactions frauduleuses, suspicion de fraude de la part d'un affili\u00e9.<\/li>\n\t<\/ul>\n\t\n\n\t\n\t\t<p>En plus de ce qui pr\u00e9c\u00e8de, EvoluLink se r\u00e9serve le droit de r\u00e9silier tout compte d'Affili\u00e9 \u00e0 tout moment, pour toute violation du pr\u00e9sent Contrat ou sans raison.<\/p>\n\t\n\n\t\n\t<h2 class=\"wp-block-heading\" id=\"affiliate-links\">Liens d'affiliation<\/h2>\n\t\n\n\t\n\t\t<p>Vous pouvez utiliser des liens graphiques et textuels sur votre site web et dans vos messages \u00e9lectroniques. Vous pouvez \u00e9galement faire de la publicit\u00e9 pour le site EvoluLink dans les petites annonces en ligne et hors ligne, les magazines et les journaux.<\/p>\n\t\n\n\t\n\t<p>Vous pouvez utiliser les graphiques et les textes que nous vous fournissons ou cr\u00e9er les v\u00f4tres, pour autant qu'ils soient jug\u00e9s appropri\u00e9s conform\u00e9ment aux conditions et qu'ils n'enfreignent pas les dispositions de la section \"R\u00e9siliation\".<\/p>\n\t\n\n\t\n\t<h2 class=\"wp-block-heading\" id=\"coupon-and-deal-sites\">Sites de coupons et de bonnes affaires<\/h2>\n\t\n\n\t\n\t\t<p>EvoluLink offre occasionnellement des bons de r\u00e9duction \u00e0 certains de ses affili\u00e9s et aux abonn\u00e9s de sa lettre d'information. Si vous n'\u00eates pas pr\u00e9approuv\u00e9 ou si vous ne b\u00e9n\u00e9ficiez pas d'un coupon de marque, vous n'\u00eates pas autoris\u00e9 \u00e0 en faire la promotion. Vous trouverez ci-dessous les conditions qui s'appliquent \u00e0 tout affili\u00e9 qui envisage de promouvoir nos produits dans le cadre d'une offre ou d'un coupon :<\/p>\n\t\n\n\t\n\t<ul class=\"wp-block-list\">\n\t\t<li>Les affili\u00e9s ne peuvent pas utiliser de texte trompeur sur les liens, boutons ou images d'affiliation pour sugg\u00e9rer que tout ce qui n'est pas actuellement autoris\u00e9 concerne l'affili\u00e9 en question.<\/li>\n\t\t\t\t<li>Les affili\u00e9s ne peuvent pas ench\u00e9rir sur les coupons d'EvoluLink, les remises d'EvoluLink ou d'autres phrases laissant entendre que des coupons sont disponibles.<\/li>\n\t\t<li>Les affili\u00e9s ne peuvent pas g\u00e9n\u00e9rer de pop-ups, de pop-unders, d'iframes, de cadres ou toute autre action visible ou invisible qui cr\u00e9e des cookies d'affiliation, sauf si l'utilisateur a exprim\u00e9 un int\u00e9r\u00eat clair et explicite pour l'activation d'une \u00e9conomie sp\u00e9cifique en cliquant sur un lien, un bouton ou une image clairement identifi\u00e9(e) pour ce coupon ou cette offre particulier(e). Votre lien doit envoyer le visiteur sur le site du marchand.<\/li>\n\t\t<li>L'utilisateur doit \u00eatre en mesure de voir les informations et les d\u00e9tails relatifs aux coupons, aux offres et aux \u00e9conomies avant qu'un cookie d'affiliation ne soit install\u00e9 (c'est-\u00e0-dire que la mention \u201ccliquez ici pour voir les coupons et ouvrir une fen\u00eatre vers le site du commer\u00e7ant\u201d n'est PAS autoris\u00e9e).<\/li>\n\t\t<li>Les sites affili\u00e9s ne doivent pas comporter la mention \u201cCliquez pour (ou pour voir) une offre\/un bon de r\u00e9duction\u201d ou toute autre variante, lorsqu'il n'y a pas de bons de r\u00e9duction ou d'offres disponibles et que le clic ouvre le site du commer\u00e7ant ou installe un cookie. Les affili\u00e9s dont la page d'accueil du site marchand comporte un tel texte seront imm\u00e9diatement exclus du programme.<\/li>\n\t<\/ul>\n\t\n\n\t\n\t<h2 class=\"wp-block-heading\" id=\"ppc-policy\">Politique de paiement au clic (PPC)<\/h2>\n\t\n\n\t\n\t<p>Les ench\u00e8res PPC ne sont PAS autoris\u00e9es sans autorisation \u00e9crite pr\u00e9alable.<\/p>\n\t\n\n\t\n\t<h2 class=\"wp-block-heading\" id=\"liability\">Responsabilit\u00e9<\/h2>\n\t\n\n\t\n\t\t<p>EvoluLink ne sera pas responsable des dommages indirects ou accidentels (pertes de revenus, de commissions) dus \u00e0 des d\u00e9faillances de suivi des affili\u00e9s, \u00e0 des pertes de fichiers de base de donn\u00e9es, ou \u00e0 tout r\u00e9sultat d'intention de nuire au Programme et\/ou \u00e0 notre (nos) site(s) Internet.<\/p>\n\t\n\n\t\n\t\t<p>Nous ne donnons aucune garantie expresse ou implicite concernant le programme et\/ou les adh\u00e9sions ou produits vendus par EvoluLink. Nous ne pr\u00e9tendons pas que le fonctionnement du programme et\/ou de notre (nos) site(s) web sera exempt d'erreurs et nous ne serons pas responsables des interruptions ou des erreurs.<\/p>\n\t\n\n\t\n\t<h2 class=\"wp-block-heading\" id=\"term-of-agreement\">Dur\u00e9e de l'accord<\/h2>\n\t\n\n\t\n\t<p>La dur\u00e9e du pr\u00e9sent accord commence \u00e0 partir de votre acceptation dans le programme et se termine lorsque votre compte d'affili\u00e9 est r\u00e9sili\u00e9.<\/p>\n\t\n\n\t\n\t<p>Nous pouvons modifier les termes et conditions du pr\u00e9sent accord \u00e0 tout moment. Si une modification des termes et conditions du pr\u00e9sent accord est inacceptable pour vous, votre seul choix est de r\u00e9silier votre compte d'affili\u00e9. En continuant \u00e0 participer au programme, vous acceptez toute modification.<\/p>\n\t\n\n\t\n\t<h2 class=\"wp-block-heading\" id=\"indemnification\">Indemnisation<\/h2>\n\t\n\n\t\n\t\t<p>L'affili\u00e9 devra indemniser et d\u00e9gager de toute responsabilit\u00e9 EvoluLink et ses soci\u00e9t\u00e9s affili\u00e9es et filiales, dirigeants, administrateurs, employ\u00e9s, d\u00e9tenteurs de licences, successeurs et ayants droit, y compris les personnes autoris\u00e9es par EvoluLink \u00e0 transmettre et distribuer des documents, en cas de responsabilit\u00e9s, dommages, amendes, jugements, r\u00e9clamations, co\u00fbts, pertes et d\u00e9penses (y compris les frais et honoraires juridiques raisonnables) d\u00e9coulant de ou li\u00e9s \u00e0 toute r\u00e9clamation subie dans le cadre du pr\u00e9sent contrat en raison d'une n\u00e9gligence, d'une fausse d\u00e9claration, d'un d\u00e9faut de divulgation ou d'une faute intentionnelle de la part de l'affili\u00e9.<\/p>\n\t\n\n\t\n\t<h2 class=\"wp-block-heading\" id=\"electronic-signatures-effective\">Signatures \u00e9lectroniques efficaces<\/h2>\n\t\n\n\t\n\t\t<p>Le Contrat est un contrat \u00e9lectronique qui d\u00e9finit les conditions juridiquement contraignantes de votre participation au programme d'affiliation d'EvoluLink. En compl\u00e9tant le processus de candidature d'EvoluLink, vous indiquez que vous acceptez le pr\u00e9sent contrat et toutes les conditions qu'il contient ou auxquelles il fait r\u00e9f\u00e9rence. Cette action cr\u00e9e une signature \u00e9lectronique qui a la m\u00eame force et le m\u00eame effet juridique qu'une signature manuscrite.<\/p>","protected":false},"excerpt":{"rendered":"<p>As an authorized affiliate (Affiliate) of EvoluLink, you agree to abide by the terms and conditions contained in this Agreement (Agreement). Please read the entire Agreement carefully before registering and promoting EvoluLink as an Affiliate. Your participation in the Program is solely to legally advertise our website to receive a commission on memberships and products [&hellip;]<\/p>\n","protected":false},"author":1,"featured_media":0,"parent":0,"menu_order":0,"comment_status":"closed","ping_status":"closed","template":"","meta":{"_monsterinsights_skip_tracking":false,"_monsterinsights_sitenote_active":false,"_monsterinsights_sitenote_note":"","_monsterinsights_sitenote_category":0,"footnotes":""},"class_list":["post-4059","page","type-page","status-publish","hentry"],"jetpack_sharing_enabled":true,"_links":{"self":[{"href":"https:\/\/evolulink.com\/fr\/wp-json\/wp\/v2\/pages\/4059","targetHints":{"allow":["GET"]}}],"collection":[{"href":"https:\/\/evolulink.com\/fr\/wp-json\/wp\/v2\/pages"}],"about":[{"href":"https:\/\/evolulink.com\/fr\/wp-json\/wp\/v2\/types\/page"}],"author":[{"embeddable":true,"href":"https:\/\/evolulink.com\/fr\/wp-json\/wp\/v2\/users\/1"}],"replies":[{"embeddable":true,"href":"https:\/\/evolulink.com\/fr\/wp-json\/wp\/v2\/comments?post=4059"}],"version-history":[{"count":1,"href":"https:\/\/evolulink.com\/fr\/wp-json\/wp\/v2\/pages\/4059\/revisions"}],"predecessor-version":[{"id":8000,"href":"https:\/\/evolulink.com\/fr\/wp-json\/wp\/v2\/pages\/4059\/revisions\/8000"}],"wp:attachment":[{"href":"https:\/\/evolulink.com\/fr\/wp-json\/wp\/v2\/media?parent=4059"}],"curies":[{"name":"wp","href":"https:\/\/api.w.org\/{rel}","templated":true}]}}