{"id":8164,"date":"2026-03-24T04:58:06","date_gmt":"2026-03-24T04:58:06","guid":{"rendered":"https:\/\/evolulink.com\/?page_id=8164"},"modified":"2026-04-02T02:05:05","modified_gmt":"2026-04-02T02:05:05","slug":"conditions-generales","status":"publish","type":"page","link":"https:\/\/evolulink.com\/fr\/conditions-generales\/","title":{"rendered":"Conditions g\u00e9n\u00e9rales d'utilisation"},"content":{"rendered":"<p><\/p>\n\n\n\n<blockquote class=\"wp-block-quote is-layout-flow wp-block-quote-is-layout-flow\">\n<p><\/p>\n<\/blockquote>\n\n\n\n<hr class=\"wp-block-separator has-alpha-channel-opacity\"\/>\n\n\n\n<h2 class=\"wp-block-heading\">Conditions g\u00e9n\u00e9rales d'utilisation<\/h2>\n\n\n\n<p><strong>Derni\u00e8re mise \u00e0 jour :<\/strong> 02\/04\/2026<\/p>\n\n\n\n<p>Les pr\u00e9sentes conditions g\u00e9n\u00e9rales (\u201c<strong>Conditions<\/strong>\u201d) r\u00e9gissent votre acc\u00e8s et votre utilisation du site web \u00e0 l'adresse suivante <strong>https:\/\/evolulink.com<\/strong> et tous les services, contenus, produits et fonctionnalit\u00e9s qui y sont li\u00e9s (collectivement, les \u201c<strong>Services<\/strong>\u201d) pr\u00e9vue par <strong>Lien de d\u00e9veloppement<\/strong> (\u201c<strong>Lien de d\u00e9veloppement<\/strong>,\u201d \u201c<strong>nous<\/strong>,\u201d \u201c<strong>nous<\/strong>,\u201d ou \u201c<strong>notre<\/strong>\u201d).<\/p>\n\n\n\n<p>En acc\u00e9dant aux services ou en les utilisant, vous acceptez d'\u00eatre li\u00e9 par les pr\u00e9sentes conditions. Si vous n'\u00eates pas d'accord, n'utilisez pas les services.<\/p>\n\n\n\n<h3 class=\"wp-block-heading\">1) Admissibilit\u00e9 et acceptation<\/h3>\n\n\n\n<p>Vous devez \u00eatre au moins <strong>18 ans<\/strong> (ou l'\u00e2ge de la majorit\u00e9 l\u00e9gale dans votre juridiction) pour utiliser les services.<br>Si vous utilisez les services au nom d'une soci\u00e9t\u00e9 ou d'une organisation, vous d\u00e9clarez que vous avez le pouvoir d'engager cette entit\u00e9.<\/p>\n\n\n\n<h3 class=\"wp-block-heading\">2) Enregistrement et s\u00e9curit\u00e9 du compte<\/h3>\n\n\n\n<p>Si vous cr\u00e9ez un compte :<\/p>\n\n\n\n<ul class=\"wp-block-list\">\n<li>Vous devez fournir des informations exactes, \u00e0 jour et compl\u00e8tes.<\/li>\n\n\n\n<li>Vous \u00eates responsable du maintien de la confidentialit\u00e9 de vos identifiants de connexion.<\/li>\n\n\n\n<li>Vous \u00eates responsable de toutes les activit\u00e9s effectu\u00e9es sur votre compte.<\/li>\n\n\n\n<li>Vous devez nous informer imm\u00e9diatement de tout acc\u00e8s non autoris\u00e9 ou de toute atteinte \u00e0 la s\u00e9curit\u00e9.<\/li>\n<\/ul>\n\n\n\n<p>Nous pouvons suspendre ou r\u00e9silier les comptes qui enfreignent les pr\u00e9sentes conditions ou qui pr\u00e9sentent un risque pour la s\u00e9curit\u00e9 ou la l\u00e9galit\u00e9.<\/p>\n\n\n\n<h3 class=\"wp-block-heading\">3) Utilisation autoris\u00e9e et interdite<\/h3>\n\n\n\n<p>Vous acceptez de n'utiliser les services qu'\u00e0 des fins l\u00e9gales. Vous ne devez pas :<\/p>\n\n\n\n<ul class=\"wp-block-list\">\n<li>violer toute loi ou r\u00e9glementation applicable.<\/li>\n\n\n\n<li>T\u00e9l\u00e9charger\/transmettre des codes malveillants, des logiciels malveillants ou des contenus nuisibles.<\/li>\n\n\n\n<li>Tenter un acc\u00e8s non autoris\u00e9 aux syst\u00e8mes, aux comptes ou aux donn\u00e9es.<\/li>\n\n\n\n<li>Interf\u00e9rer avec la performance, l'int\u00e9grit\u00e9 ou la s\u00e9curit\u00e9 des services.<\/li>\n\n\n\n<li>de faire du scraping, de la r\u00e9tro-ing\u00e9nierie ou d'utiliser des moyens automatis\u00e9s pour acc\u00e9der aux services sans autorisation.<\/li>\n\n\n\n<li>porter atteinte \u00e0 la propri\u00e9t\u00e9 intellectuelle, \u00e0 la vie priv\u00e9e ou \u00e0 d'autres droits.<\/li>\n<\/ul>\n\n\n\n<p><\/p>\n\n\n\n<h3 class=\"wp-block-heading\">4) Achats, frais et paiements<\/h3>\n\n\n\n<p>Si les services comprennent des offres payantes :<\/p>\n\n\n\n<ul class=\"wp-block-list\">\n<li>Les prix et les conditions de facturation sont indiqu\u00e9s lors de la commande.<\/li>\n\n\n\n<li>Vous nous autorisez (ainsi que nos processeurs de paiement) \u00e0 facturer les frais, les taxes et les frais r\u00e9currents applicables (en cas d'abonnement).<\/li>\n\n\n\n<li>Les frais de banque ou de prestataire de services de paiement sont \u00e0 votre charge.<\/li>\n\n\n\n<li>Nous pouvons modifier les prix de mani\u00e8re prospective ; les modifications n'ont pas d'effet r\u00e9troactif sur les achats effectu\u00e9s.<\/li>\n<\/ul>\n\n\n\n<h3 class=\"wp-block-heading\">5) Remboursements et annulations<\/h3>\n\n\n\n<p>Le droit au remboursement et \u00e0 l'annulation est r\u00e9gi par notre politique de remboursement et d'annulation publi\u00e9e. <strong>Politique de remboursement<\/strong> (le cas \u00e9ch\u00e9ant).<br>Sauf si la loi l'exige ou si cela est explicitement indiqu\u00e9 par \u00e9crit, les produits\/services num\u00e9riques peuvent ne pas \u00eatre rembours\u00e9s une fois qu'ils ont \u00e9t\u00e9 consult\u00e9s ou livr\u00e9s.<\/p>\n\n\n\n<h3 class=\"wp-block-heading\">6) Droits de propri\u00e9t\u00e9 intellectuelle<\/h3>\n\n\n\n<p>L'ensemble du contenu et du mat\u00e9riel du site web (y compris les textes, les graphiques, les marques, les logiciels, les vid\u00e9os et les ressources t\u00e9l\u00e9chargeables) est la propri\u00e9t\u00e9 d'Evolulink ou de ses conc\u00e9dants de licence et est prot\u00e9g\u00e9 par les lois applicables en mati\u00e8re de propri\u00e9t\u00e9 intellectuelle.<\/p>\n\n\n\n<p>Sauf autorisation expresse, vous ne pouvez pas copier, reproduire, distribuer, modifier, vendre, conc\u00e9der sous licence, afficher publiquement ou cr\u00e9er des \u0153uvres d\u00e9riv\u00e9es de notre contenu.<\/p>\n\n\n\n<h3 class=\"wp-block-heading\">7) Contenu de l'utilisateur et licence<\/h3>\n\n\n\n<p>Si vous soumettez\/t\u00e9l\u00e9chargez du contenu (\u201c<strong>Contenu utilisateur<\/strong>\u201d):<\/p>\n\n\n\n<ul class=\"wp-block-list\">\n<li>Vous restez propri\u00e9taire de votre contenu utilisateur.<\/li>\n\n\n\n<li>Vous nous accordez une licence mondiale, non exclusive, libre de redevances et pouvant faire l'objet d'une sous-licence pour h\u00e9berger, stocker, reproduire, afficher et distribuer le contenu des utilisateurs uniquement pour exploiter, am\u00e9liorer et fournir les services.<\/li>\n\n\n\n<li>Vous d\u00e9clarez que vous disposez de tous les droits n\u00e9cessaires pour soumettre le contenu utilisateur et que celui-ci ne viole pas la loi ou les droits de tiers.<\/li>\n<\/ul>\n\n\n\n<p>Nous pouvons supprimer le contenu utilisateur qui enfreint les pr\u00e9sentes conditions ou la l\u00e9gislation applicable.<\/p>\n\n\n\n<h3 class=\"wp-block-heading\">8) Avis de non-responsabilit\u00e9 en mati\u00e8re d'\u00e9ducation et d'information<\/h3>\n\n\n\n<p>Sauf indication contraire explicite, le contenu fourni par le biais des services est destin\u00e9 \u00e0 <strong>uniquement \u00e0 des fins d'\u00e9ducation et d'information g\u00e9n\u00e9rales<\/strong> et ne constitue pas un conseil professionnel juridique, financier, fiscal, m\u00e9dical ou autre.<br>Vous \u00eates seul responsable de vos d\u00e9cisions et des r\u00e9sultats obtenus.<\/p>\n\n\n\n<h3 class=\"wp-block-heading\">9) Services et liens de tiers<\/h3>\n\n\n\n<p>Les services peuvent contenir des liens\/int\u00e9grations vers des sites ou des outils de tiers. Nous ne contr\u00f4lons pas et ne sommes pas responsables du contenu, des politiques, des produits ou des pratiques des tiers.<\/p>\n\n\n\n<h3 class=\"wp-block-heading\">10) Vie priv\u00e9e et protection des donn\u00e9es<\/h3>\n\n\n\n<p>Votre utilisation des services est \u00e9galement soumise \u00e0 notre <strong>politique de confidentialit\u00e9<\/strong>, qui explique comment nous collectons, utilisons et prot\u00e9geons les donn\u00e9es \u00e0 caract\u00e8re personnel.<\/p>\n\n\n\n<h3 class=\"wp-block-heading\">11) Disponibilit\u00e9 des services et modifications<\/h3>\n\n\n\n<p>Nous pouvons modifier, suspendre ou interrompre toute partie des services \u00e0 tout moment, avec ou sans pr\u00e9avis.<br>Nous ne garantissons pas un fonctionnement ininterrompu, s\u00fbr ou sans erreur.<\/p>\n\n\n\n<h3 class=\"wp-block-heading\">12) Exclusion de garantie<\/h3>\n\n\n\n<p>Dans toute la mesure permise par la loi, les services sont fournis \u201c<strong>en l'\u00e9tat<\/strong>\u201d et \u201c<strong>selon disponibilit\u00e9<\/strong>\u201dsans garantie d'aucune sorte, expresse ou implicite, y compris la qualit\u00e9 marchande, l'ad\u00e9quation \u00e0 un usage particulier et l'absence de contrefa\u00e7on.<\/p>\n\n\n\n<h3 class=\"wp-block-heading\">13) Limitation de la responsabilit\u00e9<\/h3>\n\n\n\n<p>Dans toute la mesure permise par la loi, Evolulink et ses dirigeants, employ\u00e9s, partenaires et affili\u00e9s ne peuvent \u00eatre tenus responsables des dommages indirects, accessoires, sp\u00e9ciaux, cons\u00e9cutifs, exemplaires ou punitifs, y compris la perte de b\u00e9n\u00e9fices, de donn\u00e9es, de fonds de commerce ou l'interruption des activit\u00e9s.<\/p>\n\n\n\n<p>Lorsque la responsabilit\u00e9 ne peut \u00eatre exclue, notre responsabilit\u00e9 totale d\u00e9coulant des services ou s'y rapportant n'exc\u00e9dera pas le montant que vous nous avez vers\u00e9 (le cas \u00e9ch\u00e9ant) dans le cadre de l'accord de partenariat et de coop\u00e9ration. <strong>12 mois<\/strong> pr\u00e9c\u00e9dant la demande.<\/p>\n\n\n\n<h3 class=\"wp-block-heading\">14) Indemnisation<\/h3>\n\n\n\n<p>Vous acceptez d'indemniser, de d\u00e9fendre et de d\u00e9gager de toute responsabilit\u00e9 Evolulink et ses affili\u00e9s en cas de r\u00e9clamations, responsabilit\u00e9s, dommages, pertes et d\u00e9penses (y compris les frais de justice raisonnables) d\u00e9coulant de ce qui suit :<\/p>\n\n\n\n<ul class=\"wp-block-list\">\n<li>Votre utilisation ou mauvaise utilisation des services,<\/li>\n\n\n\n<li>votre violation des pr\u00e9sentes conditions, ou<\/li>\n\n\n\n<li>Votre violation des droits de tiers ou de la l\u00e9gislation applicable.<\/li>\n<\/ul>\n\n\n\n<h3 class=\"wp-block-heading\">15) R\u00e9siliation<\/h3>\n\n\n\n<p>Nous pouvons suspendre ou r\u00e9silier votre acc\u00e8s imm\u00e9diatement si vous enfreignez les pr\u00e9sentes conditions, ou si cela est n\u00e9cessaire pour des raisons juridiques, de s\u00e9curit\u00e9 ou op\u00e9rationnelles.<br>En cas de r\u00e9siliation, votre droit d'utiliser les services cesse imm\u00e9diatement.<\/p>\n\n\n\n<h3 class=\"wp-block-heading\">16) Droit applicable et r\u00e8glement des litiges<\/h3>\n\n\n\n<p>Les pr\u00e9sentes conditions sont r\u00e9gies par les lois de la <strong>\u00c9mirats arabes unis (EAU)<\/strong>, sans tenir compte des r\u00e8gles de conflit de lois.<br>Tout litige d\u00e9coulant des pr\u00e9sentes conditions ou s'y rapportant sera soumis \u00e0 la juridiction exclusive des tribunaux comp\u00e9tents des \u00c9mirats arabes unis, \u00e0 moins qu'une loi imp\u00e9rative n'en dispose autrement.<\/p>\n\n\n\n<h3 class=\"wp-block-heading\">17) Modifications des conditions<\/h3>\n\n\n\n<p>Nous pouvons mettre \u00e0 jour les pr\u00e9sentes conditions de temps \u00e0 autre. Les conditions mises \u00e0 jour entrent en vigueur d\u00e8s leur publication, sauf indication contraire.<br>La poursuite de l'utilisation des services apr\u00e8s les mises \u00e0 jour constitue l'acceptation des conditions r\u00e9vis\u00e9es.<\/p>\n\n\n\n<h3 class=\"wp-block-heading\">18) Divisibilit\u00e9 et renonciation<\/h3>\n\n\n\n<p>Si l'une des dispositions des pr\u00e9sentes conditions est jug\u00e9e invalide ou inapplicable, les autres dispositions restent pleinement en vigueur.<br>Le fait de ne pas appliquer une disposition ne constitue pas une renonciation \u00e0 cette disposition.<\/p>\n\n\n\n<h3 class=\"wp-block-heading\">19) Int\u00e9gralit\u00e9 de l'accord<\/h3>\n\n\n\n<p>Les pr\u00e9sentes conditions, ainsi que notre politique de confidentialit\u00e9 et toutes les politiques r\u00e9f\u00e9renc\u00e9es, constituent l'int\u00e9gralit\u00e9 de l'accord entre vous et Evolulink concernant les services.<\/p>\n\n\n\n<h3 class=\"wp-block-heading\">20) Contact<\/h3>\n\n\n\n<p><strong>Lien de d\u00e9veloppement<\/strong><br>Courriel : <strong>contact@evolulink.com<\/strong><\/p>\n\n\n\n<p>En utilisant Evolulink, vous confirmez que vous avez lu, compris et accept\u00e9 les pr\u00e9sentes conditions.<\/p>\n\n\n\n<hr class=\"wp-block-separator has-alpha-channel-opacity\"\/>\n\n\n\n<p><\/p>","protected":false},"excerpt":{"rendered":"<p>Terms and Conditions Last Updated: 02\/04\/2026 These Terms and Conditions (\u201cTerms\u201d) govern your access to and use of the website at https:\/\/evolulink.com and all related services, content, products, and features (collectively, the \u201cServices\u201d) provided by Evolulink (\u201cEvolulink,\u201d \u201cwe,\u201d \u201cus,\u201d or \u201cour\u201d). By accessing or using the Services, you agree to be bound by these Terms. [&hellip;]<\/p>\n","protected":false},"author":1,"featured_media":0,"parent":0,"menu_order":0,"comment_status":"closed","ping_status":"closed","template":"","meta":{"_monsterinsights_skip_tracking":false,"_monsterinsights_sitenote_active":false,"_monsterinsights_sitenote_note":"","_monsterinsights_sitenote_category":0,"footnotes":""},"class_list":["post-8164","page","type-page","status-publish","hentry"],"jetpack_sharing_enabled":true,"_links":{"self":[{"href":"https:\/\/evolulink.com\/fr\/wp-json\/wp\/v2\/pages\/8164","targetHints":{"allow":["GET"]}}],"collection":[{"href":"https:\/\/evolulink.com\/fr\/wp-json\/wp\/v2\/pages"}],"about":[{"href":"https:\/\/evolulink.com\/fr\/wp-json\/wp\/v2\/types\/page"}],"author":[{"embeddable":true,"href":"https:\/\/evolulink.com\/fr\/wp-json\/wp\/v2\/users\/1"}],"replies":[{"embeddable":true,"href":"https:\/\/evolulink.com\/fr\/wp-json\/wp\/v2\/comments?post=8164"}],"version-history":[{"count":2,"href":"https:\/\/evolulink.com\/fr\/wp-json\/wp\/v2\/pages\/8164\/revisions"}],"predecessor-version":[{"id":8187,"href":"https:\/\/evolulink.com\/fr\/wp-json\/wp\/v2\/pages\/8164\/revisions\/8187"}],"wp:attachment":[{"href":"https:\/\/evolulink.com\/fr\/wp-json\/wp\/v2\/media?parent=8164"}],"curies":[{"name":"wp","href":"https:\/\/api.w.org\/{rel}","templated":true}]}}